{"id":309,"date":"2024-02-15T16:30:26","date_gmt":"2024-02-15T15:30:26","guid":{"rendered":"https:\/\/salvajearquitectura.com\/?page_id=309"},"modified":"2025-07-24T19:45:41","modified_gmt":"2025-07-24T17:45:41","slug":"contacto","status":"publish","type":"page","link":"https:\/\/salvajearquitectura.com\/eng\/contacto\/","title":{"rendered":"Contact"},"content":{"rendered":"<div data-elementor-type=\"wp-page\" data-elementor-id=\"309\" class=\"elementor elementor-309\" data-elementor-post-type=\"page\">\n\t\t\t\t<div class=\"elementor-element elementor-element-fb78917 e-con-full e-flex e-con e-parent\" data-id=\"fb78917\" data-element_type=\"container\" data-settings=\"{&quot;background_background&quot;:&quot;classic&quot;}\">\n\t\t\t\t<div class=\"elementor-element elementor-element-e53d137 elementor-widget elementor-widget-spacer\" data-id=\"e53d137\" data-element_type=\"widget\" data-widget_type=\"spacer.default\">\n\t\t\t\t<div class=\"elementor-widget-container\">\n\t\t\t\t\t\t\t<div class=\"elementor-spacer\">\n\t\t\t<div class=\"elementor-spacer-inner\"><\/div>\n\t\t<\/div>\n\t\t\t\t\t\t<\/div>\n\t\t\t\t<\/div>\n\t\t\t\t<div class=\"elementor-element elementor-element-66da225 elementor-widget elementor-widget-heading\" data-id=\"66da225\" data-element_type=\"widget\" data-widget_type=\"heading.default\">\n\t\t\t\t<div class=\"elementor-widget-container\">\n\t\t\t\t\t<h2 class=\"elementor-heading-title elementor-size-default\">Contact<\/h2>\t\t\t\t<\/div>\n\t\t\t\t<\/div>\n\t\t\t\t<div class=\"elementor-element elementor-element-1ded563 elementor-nav-menu__align-center elementor-nav-menu__text-align-center elementor-nav-menu--dropdown-tablet elementor-widget elementor-widget-nav-menu\" data-id=\"1ded563\" data-element_type=\"widget\" data-settings=\"{&quot;layout&quot;:&quot;horizontal&quot;,&quot;submenu_icon&quot;:{&quot;value&quot;:&quot;&lt;svg aria-hidden=\\&quot;true\\&quot; class=\\&quot;e-font-icon-svg e-fas-caret-down\\&quot; viewBox=\\&quot;0 0 320 512\\&quot; xmlns=\\&quot;http:\\\/\\\/www.w3.org\\\/2000\\\/svg\\&quot;&gt;&lt;path d=\\&quot;M31.3 192h257.3c17.8 0 26.7 21.5 14.1 34.1L174.1 354.8c-7.8 7.8-20.5 7.8-28.3 0L17.2 226.1C4.6 213.5 13.5 192 31.3 192z\\&quot;&gt;&lt;\\\/path&gt;&lt;\\\/svg&gt;&quot;,&quot;library&quot;:&quot;fa-solid&quot;}}\" data-widget_type=\"nav-menu.default\">\n\t\t\t\t<div class=\"elementor-widget-container\">\n\t\t\t\t\t\t\t\t<nav aria-label=\"Menu\" class=\"elementor-nav-menu--main elementor-nav-menu__container elementor-nav-menu--layout-horizontal e--pointer-double-line e--animation-fade\">\n\t\t\t\t<ul id=\"menu-1-1ded563\" class=\"elementor-nav-menu\"><li class=\"menu-item menu-item-type-custom menu-item-object-custom menu-item-430\"><a href=\"#formulario\" class=\"elementor-item elementor-item-anchor menu-link\">Form<\/a><\/li>\n<li class=\"menu-item menu-item-type-custom menu-item-object-custom menu-item-431\"><a href=\"#info\" class=\"elementor-item elementor-item-anchor menu-link\">Info<\/a><\/li>\n<li class=\"menu-item menu-item-type-custom menu-item-object-custom menu-item-432\"><a href=\"#internacional\" class=\"elementor-item elementor-item-anchor menu-link\">Internacional<\/a><\/li>\n<\/ul>\t\t\t<\/nav>\n\t\t\t\t\t\t<nav class=\"elementor-nav-menu--dropdown elementor-nav-menu__container\" aria-hidden=\"true\">\n\t\t\t\t<ul id=\"menu-2-1ded563\" class=\"elementor-nav-menu\"><li class=\"menu-item menu-item-type-custom menu-item-object-custom menu-item-430\"><a href=\"#formulario\" class=\"elementor-item elementor-item-anchor menu-link\" tabindex=\"-1\">Form<\/a><\/li>\n<li class=\"menu-item menu-item-type-custom menu-item-object-custom menu-item-431\"><a href=\"#info\" class=\"elementor-item elementor-item-anchor menu-link\" tabindex=\"-1\">Info<\/a><\/li>\n<li class=\"menu-item menu-item-type-custom menu-item-object-custom menu-item-432\"><a href=\"#internacional\" class=\"elementor-item elementor-item-anchor menu-link\" tabindex=\"-1\">Internacional<\/a><\/li>\n<\/ul>\t\t\t<\/nav>\n\t\t\t\t\t\t<\/div>\n\t\t\t\t<\/div>\n\t\t\t\t<div class=\"elementor-element elementor-element-0dd9be2 elementor-widget__width-inherit elementor-widget elementor-widget-image\" data-id=\"0dd9be2\" data-element_type=\"widget\" data-widget_type=\"image.default\">\n\t\t\t\t<div class=\"elementor-widget-container\">\n\t\t\t\t\t\t\t\t\t\t\t\t\t\t\t<img fetchpriority=\"high\" decoding=\"async\" width=\"1950\" height=\"975\" src=\"https:\/\/salvajearquitectura.com\/wp-content\/uploads\/2024\/02\/JUNGLE-TREE-HOUSE-SALVAJE-ARQUITECTURA-03_tratado.jpg\" class=\"attachment-full size-full wp-image-775\" alt=\"\" srcset=\"https:\/\/salvajearquitectura.com\/wp-content\/uploads\/2024\/02\/JUNGLE-TREE-HOUSE-SALVAJE-ARQUITECTURA-03_tratado.jpg 1950w, https:\/\/salvajearquitectura.com\/wp-content\/uploads\/2024\/02\/JUNGLE-TREE-HOUSE-SALVAJE-ARQUITECTURA-03_tratado-300x150.jpg 300w, https:\/\/salvajearquitectura.com\/wp-content\/uploads\/2024\/02\/JUNGLE-TREE-HOUSE-SALVAJE-ARQUITECTURA-03_tratado-1024x512.jpg 1024w, https:\/\/salvajearquitectura.com\/wp-content\/uploads\/2024\/02\/JUNGLE-TREE-HOUSE-SALVAJE-ARQUITECTURA-03_tratado-768x384.jpg 768w, https:\/\/salvajearquitectura.com\/wp-content\/uploads\/2024\/02\/JUNGLE-TREE-HOUSE-SALVAJE-ARQUITECTURA-03_tratado-1536x768.jpg 1536w, https:\/\/salvajearquitectura.com\/wp-content\/uploads\/2024\/02\/JUNGLE-TREE-HOUSE-SALVAJE-ARQUITECTURA-03_tratado-18x9.jpg 18w\" sizes=\"(max-width: 1950px) 100vw, 1950px\" \/>\t\t\t\t\t\t\t\t\t\t\t\t\t\t\t<\/div>\n\t\t\t\t<\/div>\n\t\t\t\t<\/div>\n\t\t<div class=\"elementor-element elementor-element-fae07a7 e-flex e-con-boxed e-con e-parent\" data-id=\"fae07a7\" data-element_type=\"container\" data-settings=\"{&quot;background_background&quot;:&quot;classic&quot;}\">\n\t\t\t\t\t<div class=\"e-con-inner\">\n\t\t\t\t<div class=\"elementor-element elementor-element-95ce822 elementor-widget elementor-widget-spacer\" data-id=\"95ce822\" data-element_type=\"widget\" data-widget_type=\"spacer.default\">\n\t\t\t\t<div class=\"elementor-widget-container\">\n\t\t\t\t\t\t\t<div class=\"elementor-spacer\">\n\t\t\t<div class=\"elementor-spacer-inner\"><\/div>\n\t\t<\/div>\n\t\t\t\t\t\t<\/div>\n\t\t\t\t<\/div>\n\t\t\t\t<div class=\"elementor-element elementor-element-ef0b3bf elementor-button-align-start elementor-widget elementor-widget-form\" data-id=\"ef0b3bf\" data-element_type=\"widget\" data-settings=\"{&quot;step_next_label&quot;:&quot;Next&quot;,&quot;step_previous_label&quot;:&quot;Previous&quot;,&quot;button_width&quot;:&quot;100&quot;,&quot;step_type&quot;:&quot;number_text&quot;,&quot;step_icon_shape&quot;:&quot;circle&quot;}\" data-widget_type=\"form.default\">\n\t\t\t\t<div class=\"elementor-widget-container\">\n\t\t\t\t\t\t\t<form class=\"elementor-form\" method=\"post\" id=\"25\" name=\"New Form 1\" aria-label=\"New Form 1\" action=\"\">\n\t\t\t<input type=\"hidden\" name=\"post_id\" value=\"309\"\/>\n\t\t\t<input type=\"hidden\" name=\"form_id\" value=\"ef0b3bf\"\/>\n\t\t\t<input type=\"hidden\" name=\"referer_title\" value=\"Contacto\" \/>\n\n\t\t\t\t\t\t\t<input type=\"hidden\" name=\"queried_id\" value=\"309\"\/>\n\t\t\t\n\t\t\t<div class=\"elementor-form-fields-wrapper elementor-labels-\">\n\t\t\t\t\t\t\t\t<div class=\"elementor-field-type-text elementor-field-group elementor-column elementor-field-group-name elementor-col-50\">\n\t\t\t\t\t\t\t\t\t\t\t\t<label for=\"form-field-name\" class=\"elementor-field-label elementor-screen-only\">\n\t\t\t\t\t\t\t\tName\t\t\t\t\t\t\t<\/label>\n\t\t\t\t\t\t\t\t\t\t\t\t\t\t<input size=\"1\" type=\"text\" name=\"form_fields[name]\" id=\"form-field-name\" class=\"elementor-field elementor-size-xs  elementor-field-textual\" placeholder=\"Name:\">\n\t\t\t\t\t\t\t\t\t\t\t<\/div>\n\t\t\t\t\t\t\t\t<div class=\"elementor-field-type-email elementor-field-group elementor-column elementor-field-group-email elementor-col-50 elementor-field-required\">\n\t\t\t\t\t\t\t\t\t\t\t\t<label for=\"form-field-email\" class=\"elementor-field-label elementor-screen-only\">\n\t\t\t\t\t\t\t\tEmail\t\t\t\t\t\t\t<\/label>\n\t\t\t\t\t\t\t\t\t\t\t\t\t\t<input size=\"1\" type=\"email\" name=\"form_fields[email]\" id=\"form-field-email\" class=\"elementor-field elementor-size-xs  elementor-field-textual\" placeholder=\"Email:\" required=\"required\">\n\t\t\t\t\t\t\t\t\t\t\t<\/div>\n\t\t\t\t\t\t\t\t<div class=\"elementor-field-type-tel elementor-field-group elementor-column elementor-field-group-field_3dbbd3f elementor-col-50\">\n\t\t\t\t\t\t\t\t\t\t\t\t<label for=\"form-field-field_3dbbd3f\" class=\"elementor-field-label elementor-screen-only\">\n\t\t\t\t\t\t\t\tTelefono\t\t\t\t\t\t\t<\/label>\n\t\t\t\t\t\t\t\t<input size=\"1\" type=\"tel\" name=\"form_fields[field_3dbbd3f]\" id=\"form-field-field_3dbbd3f\" class=\"elementor-field elementor-size-xs  elementor-field-textual\" placeholder=\"Phone:\" pattern=\"[0-9()#&amp;+*-=.]+\" title=\"Only numbers and phone characters (#, -, *, etc) are accepted.\">\n\n\t\t\t\t\t\t<\/div>\n\t\t\t\t\t\t\t\t<div class=\"elementor-field-type-text elementor-field-group elementor-column elementor-field-group-field_28d032e elementor-col-50\">\n\t\t\t\t\t\t\t\t\t\t\t\t<label for=\"form-field-field_28d032e\" class=\"elementor-field-label elementor-screen-only\">\n\t\t\t\t\t\t\t\tName\t\t\t\t\t\t\t<\/label>\n\t\t\t\t\t\t\t\t\t\t\t\t\t\t<input size=\"1\" type=\"text\" name=\"form_fields[field_28d032e]\" id=\"form-field-field_28d032e\" class=\"elementor-field elementor-size-xs  elementor-field-textual\" placeholder=\"Subject\">\n\t\t\t\t\t\t\t\t\t\t\t<\/div>\n\t\t\t\t\t\t\t\t<div class=\"elementor-field-type-textarea elementor-field-group elementor-column elementor-field-group-message elementor-col-100\">\n\t\t\t\t\t\t\t\t\t\t\t\t<label for=\"form-field-message\" class=\"elementor-field-label elementor-screen-only\">\n\t\t\t\t\t\t\t\tMessage\t\t\t\t\t\t\t<\/label>\n\t\t\t\t\t\t<textarea class=\"elementor-field-textual elementor-field  elementor-size-xs\" name=\"form_fields[message]\" id=\"form-field-message\" rows=\"6\" placeholder=\"Message:\"><\/textarea>\t\t\t\t<\/div>\n\t\t\t\t\t\t\t\t<div class=\"elementor-field-group elementor-column elementor-field-type-submit elementor-col-100 e-form__buttons\">\n\t\t\t\t\t<button class=\"elementor-button elementor-size-sm\" type=\"submit\" id=\"que\">\n\t\t\t\t\t\t<span class=\"elementor-button-content-wrapper\">\n\t\t\t\t\t\t\t\t\t\t\t\t\t\t\t\t\t\t\t\t\t\t<span class=\"elementor-button-text\">Send<\/span>\n\t\t\t\t\t\t\t\t\t\t\t\t\t<\/span>\n\t\t\t\t\t<\/button>\n\t\t\t\t<\/div>\n\t\t\t<\/div>\n\t\t<input type=\"hidden\" name=\"trp-form-language\" value=\"eng\"\/><\/form>\n\t\t\t\t\t\t<\/div>\n\t\t\t\t<\/div>\n\t\t\t\t<div class=\"elementor-element elementor-element-55e9002 elementor-widget elementor-widget-spacer\" data-id=\"55e9002\" data-element_type=\"widget\" data-widget_type=\"spacer.default\">\n\t\t\t\t<div class=\"elementor-widget-container\">\n\t\t\t\t\t\t\t<div class=\"elementor-spacer\">\n\t\t\t<div class=\"elementor-spacer-inner\"><\/div>\n\t\t<\/div>\n\t\t\t\t\t\t<\/div>\n\t\t\t\t<\/div>\n\t\t\t\t\t<\/div>\n\t\t\t\t<\/div>\n\t\t<div class=\"elementor-element elementor-element-dd91ce4 e-flex e-con-boxed e-con e-parent\" data-id=\"dd91ce4\" data-element_type=\"container\" data-settings=\"{&quot;background_background&quot;:&quot;classic&quot;}\">\n\t\t\t\t\t<div class=\"e-con-inner\">\n\t\t<div class=\"elementor-element elementor-element-57d2007 e-con-full e-flex e-con e-child\" data-id=\"57d2007\" data-element_type=\"container\">\n\t\t\t\t<div class=\"elementor-element elementor-element-6488d78 elementor-widget elementor-widget-text-editor\" data-id=\"6488d78\" data-element_type=\"widget\" id=\"info\" data-widget_type=\"text-editor.default\">\n\t\t\t\t<div class=\"elementor-widget-container\">\n\t\t\t\t\t\t\t\t\t<p><strong>Contact<\/strong><br \/><a href=\"mailto:hola@salvajearquitectura.com\" target=\"_blank\" rel=\"noopener\"><span style=\"color: #e6e6e6;\">hola@salvajearquitectura.com<\/span><\/a><\/p><p><strong>Suppliers and Press<\/strong><br \/><a href=\"mailto:info@salvajearquitectura.com\" target=\"_blank\" rel=\"noopener\"><span style=\"color: #e6e6e6;\">info@salvajearquitectura.com<\/span><\/a><\/p><p><strong>Send us your CV to<\/strong><br \/><a href=\"mailto:cv@salvajearquitectura.com\" target=\"_blank\" rel=\"noopener\"><span style=\"color: #e6e6e6;\">cv@salvajearquitectura.com<\/span><\/a><\/p>\t\t\t\t\t\t\t\t<\/div>\n\t\t\t\t<\/div>\n\t\t\t\t<\/div>\n\t\t<div class=\"elementor-element elementor-element-64d06a6 e-con-full e-flex e-con e-child\" data-id=\"64d06a6\" data-element_type=\"container\">\n\t\t\t\t<div class=\"elementor-element elementor-element-88f6bca elementor-widget elementor-widget-spacer\" data-id=\"88f6bca\" data-element_type=\"widget\" data-widget_type=\"spacer.default\">\n\t\t\t\t<div class=\"elementor-widget-container\">\n\t\t\t\t\t\t\t<div class=\"elementor-spacer\">\n\t\t\t<div class=\"elementor-spacer-inner\"><\/div>\n\t\t<\/div>\n\t\t\t\t\t\t<\/div>\n\t\t\t\t<\/div>\n\t\t\t\t<div class=\"elementor-element elementor-element-40e4e7f elementor-widget elementor-widget-image\" data-id=\"40e4e7f\" data-element_type=\"widget\" data-widget_type=\"image.default\">\n\t\t\t\t<div class=\"elementor-widget-container\">\n\t\t\t\t\t\t\t\t\t\t\t\t\t\t\t<img decoding=\"async\" width=\"1024\" height=\"278\" src=\"https:\/\/salvajearquitectura.com\/wp-content\/uploads\/2024\/02\/salvaje_logo_footer-1024x278.png\" class=\"attachment-large size-large wp-image-293\" alt=\"\" srcset=\"https:\/\/salvajearquitectura.com\/wp-content\/uploads\/2024\/02\/salvaje_logo_footer-1024x278.png 1024w, https:\/\/salvajearquitectura.com\/wp-content\/uploads\/2024\/02\/salvaje_logo_footer-300x82.png 300w, https:\/\/salvajearquitectura.com\/wp-content\/uploads\/2024\/02\/salvaje_logo_footer-768x209.png 768w, https:\/\/salvajearquitectura.com\/wp-content\/uploads\/2024\/02\/salvaje_logo_footer.png 1200w\" sizes=\"(max-width: 1024px) 100vw, 1024px\" \/>\t\t\t\t\t\t\t\t\t\t\t\t\t\t\t<\/div>\n\t\t\t\t<\/div>\n\t\t\t\t<div class=\"elementor-element elementor-element-c100b38 elementor-widget elementor-widget-heading\" data-id=\"c100b38\" data-element_type=\"widget\" data-widget_type=\"heading.default\">\n\t\t\t\t<div class=\"elementor-widget-container\">\n\t\t\t\t\t<h2 class=\"elementor-heading-title elementor-size-default\">Trist\u00e1n Malbr\u00e1n 3875 B\u00b0 Cerro de las Rosas<\/h2>\t\t\t\t<\/div>\n\t\t\t\t<\/div>\n\t\t\t\t<div class=\"elementor-element elementor-element-8728b6e elementor-widget elementor-widget-heading\" data-id=\"8728b6e\" data-element_type=\"widget\" data-widget_type=\"heading.default\">\n\t\t\t\t<div class=\"elementor-widget-container\">\n\t\t\t\t\t<h2 class=\"elementor-heading-title elementor-size-default\">C\u00f3rdoba - Argentina - CP5009<\/h2>\t\t\t\t<\/div>\n\t\t\t\t<\/div>\n\t\t\t\t<div class=\"elementor-element elementor-element-06ae30c elementor-widget elementor-widget-heading\" data-id=\"06ae30c\" data-element_type=\"widget\" data-widget_type=\"heading.default\">\n\t\t\t\t<div class=\"elementor-widget-container\">\n\t\t\t\t\t<h2 class=\"elementor-heading-title elementor-size-default\">Phone: +54-9-3514593894<\/h2>\t\t\t\t<\/div>\n\t\t\t\t<\/div>\n\t\t\t\t<\/div>\n\t\t\t\t\t<\/div>\n\t\t\t\t<\/div>\n\t\t<div class=\"elementor-element elementor-element-bc0d86f e-flex e-con-boxed e-con e-parent\" data-id=\"bc0d86f\" data-element_type=\"container\" data-settings=\"{&quot;background_background&quot;:&quot;classic&quot;}\">\n\t\t\t\t\t<div class=\"e-con-inner\">\n\t\t\t\t<div class=\"elementor-element elementor-element-0d43433 elementor-widget elementor-widget-spacer\" data-id=\"0d43433\" data-element_type=\"widget\" data-widget_type=\"spacer.default\">\n\t\t\t\t<div class=\"elementor-widget-container\">\n\t\t\t\t\t\t\t<div class=\"elementor-spacer\">\n\t\t\t<div class=\"elementor-spacer-inner\"><\/div>\n\t\t<\/div>\n\t\t\t\t\t\t<\/div>\n\t\t\t\t<\/div>\n\t\t\t\t<div class=\"elementor-element elementor-element-4f7070f elementor-widget elementor-widget-heading\" data-id=\"4f7070f\" data-element_type=\"widget\" data-widget_type=\"heading.default\">\n\t\t\t\t<div class=\"elementor-widget-container\">\n\t\t\t\t\t<h2 class=\"elementor-heading-title elementor-size-default\">our tribe<\/h2>\t\t\t\t<\/div>\n\t\t\t\t<\/div>\n\t\t\t\t<div class=\"elementor-element elementor-element-6ee656b elementor-widget elementor-widget-heading\" data-id=\"6ee656b\" data-element_type=\"widget\" data-widget_type=\"heading.default\">\n\t\t\t\t<div class=\"elementor-widget-container\">\n\t\t\t\t\t<h2 class=\"elementor-heading-title elementor-size-default\">let's talk, we'd love to hear from you<\/h2>\t\t\t\t<\/div>\n\t\t\t\t<\/div>\n\t\t\t\t<div class=\"elementor-element elementor-element-c6749ed elementor-widget elementor-widget-spacer\" data-id=\"c6749ed\" data-element_type=\"widget\" data-widget_type=\"spacer.default\">\n\t\t\t\t<div class=\"elementor-widget-container\">\n\t\t\t\t\t\t\t<div class=\"elementor-spacer\">\n\t\t\t<div class=\"elementor-spacer-inner\"><\/div>\n\t\t<\/div>\n\t\t\t\t\t\t<\/div>\n\t\t\t\t<\/div>\n\t\t\t\t\t<\/div>\n\t\t\t\t<\/div>\n\t\t<div class=\"elementor-element elementor-element-be5ad6b e-flex e-con-boxed e-con e-parent\" data-id=\"be5ad6b\" data-element_type=\"container\" data-settings=\"{&quot;background_background&quot;:&quot;classic&quot;}\">\n\t\t\t\t\t<div class=\"e-con-inner\">\n\t\t<div class=\"elementor-element elementor-element-a5e173a e-con-full e-flex e-con e-child\" data-id=\"a5e173a\" data-element_type=\"container\">\n\t\t\t\t<div class=\"elementor-element elementor-element-45f441e elementor-widget elementor-widget-text-editor\" data-id=\"45f441e\" data-element_type=\"widget\" id=\"internacional\" data-widget_type=\"text-editor.default\">\n\t\t\t\t<div class=\"elementor-widget-container\">\n\t\t\t\t\t\t\t\t\t<p><strong>ARGENTINA | C\u00d3RDOBA<br \/><\/strong>T.\u00a0\u00a0 +<a href=\"http:\/\/wa.me\/543514593894\" target=\"_blank\" rel=\"noopener\"><span style=\"color: #ffffff;\">54-9-3514593894<\/span><\/a><\/p><p><strong>M\u00c9XICO | CDMX<br \/><\/strong>T.\u00a0\u00a0 +<a href=\"https:\/\/wa.me\/529842413296\" target=\"_blank\" rel=\"noopener\"><span style=\"color: #ffffff;\">52-9-842413296<\/span><\/a><\/p><p><strong>ESPA\u00d1A | MADRID<br \/><\/strong>T.\u00a0\u00a0 +<a href=\"http:\/\/wa.me\/34655051019\" target=\"_blank\" rel=\"noopener\"><span style=\"color: #ffffff;\">34-655051019<\/span><\/a><\/p>\t\t\t\t\t\t\t\t<\/div>\n\t\t\t\t<\/div>\n\t\t\t\t<\/div>\n\t\t<div class=\"elementor-element elementor-element-9a73102 e-con-full e-flex e-con e-child\" data-id=\"9a73102\" data-element_type=\"container\">\n\t\t\t\t<\/div>\n\t\t<div class=\"elementor-element elementor-element-f8e7882 e-con-full e-flex e-con e-child\" data-id=\"f8e7882\" data-element_type=\"container\">\n\t\t\t\t<div class=\"elementor-element elementor-element-1ca838c elementor-widget elementor-widget-text-editor\" data-id=\"1ca838c\" data-element_type=\"widget\" data-widget_type=\"text-editor.default\">\n\t\t\t\t<div class=\"elementor-widget-container\">\n\t\t\t\t\t\t\t\t\t<p><strong>ARGENTINA | BUENOS AIRES<br \/><\/strong><a href=\"http:\/\/wa.me\/541151010458\"><span style=\"color: #999999;\">T.<\/span>\u00a0 \u00a0<span style=\"color: #ffffff;\">+54-9-11-5101-0458<\/span><\/a><\/p><p><strong>EEUU | COLORADO<br \/><\/strong>T.\u00a0\u00a0 +<a href=\"http:\/\/wa.me\/1-970-4703128\" target=\"_blank\" rel=\"noopener\"><span style=\"color: #ffffff;\">1-970-4703128<\/span><\/a><\/p>\t\t\t\t\t\t\t\t<\/div>\n\t\t\t\t<\/div>\n\t\t\t\t<\/div>\n\t\t\t\t\t<\/div>\n\t\t\t\t<\/div>\n\t\t\t\t<\/div>","protected":false},"excerpt":{"rendered":"<p>Contacto Contactohola@salvajearquitectura.com Proveedores y Prensainfo@salvajearquitectura.com Env\u00eda tu curriculum a:cv@salvajearquitectura.com Trist\u00e1n Malbr\u00e1n 3875 B\u00b0 Cerro de las Rosas C\u00f3rdoba &#8211; Argentina [&hellip;]<\/p>","protected":false},"author":1,"featured_media":0,"parent":0,"menu_order":0,"comment_status":"closed","ping_status":"closed","template":"","meta":{"_acf_changed":false,"site-sidebar-layout":"no-sidebar","site-content-layout":"","ast-site-content-layout":"full-width-container","site-content-style":"default","site-sidebar-style":"default","ast-global-header-display":"","ast-banner-title-visibility":"disabled","ast-main-header-display":"disabled","ast-hfb-above-header-display":"","ast-hfb-below-header-display":"","ast-hfb-mobile-header-display":"disabled","site-post-title":"disabled","ast-breadcrumbs-content":"disabled","ast-featured-img":"disabled","footer-sml-layout":"disabled","ast-disable-related-posts":"","theme-transparent-header-meta":"default","adv-header-id-meta":"","stick-header-meta":"","header-above-stick-meta":"","header-main-stick-meta":"","header-below-stick-meta":"","astra-migrate-meta-layouts":"set","ast-page-background-enabled":"default","ast-page-background-meta":{"desktop":{"background-color":"var(--ast-global-color-4)","background-image":"","background-repeat":"repeat","background-position":"center center","background-size":"auto","background-attachment":"scroll","background-type":"","background-media":"","overlay-type":"","overlay-color":"","overlay-opacity":"","overlay-gradient":""},"tablet":{"background-color":"","background-image":"","background-repeat":"repeat","background-position":"center center","background-size":"auto","background-attachment":"scroll","background-type":"","background-media":"","overlay-type":"","overlay-color":"","overlay-opacity":"","overlay-gradient":""},"mobile":{"background-color":"","background-image":"","background-repeat":"repeat","background-position":"center center","background-size":"auto","background-attachment":"scroll","background-type":"","background-media":"","overlay-type":"","overlay-color":"","overlay-opacity":"","overlay-gradient":""}},"ast-content-background-meta":{"desktop":{"background-color":"var(--ast-global-color-5)","background-image":"","background-repeat":"repeat","background-position":"center center","background-size":"auto","background-attachment":"scroll","background-type":"","background-media":"","overlay-type":"","overlay-color":"","overlay-opacity":"","overlay-gradient":""},"tablet":{"background-color":"var(--ast-global-color-5)","background-image":"","background-repeat":"repeat","background-position":"center center","background-size":"auto","background-attachment":"scroll","background-type":"","background-media":"","overlay-type":"","overlay-color":"","overlay-opacity":"","overlay-gradient":""},"mobile":{"background-color":"var(--ast-global-color-5)","background-image":"","background-repeat":"repeat","background-position":"center center","background-size":"auto","background-attachment":"scroll","background-type":"","background-media":"","overlay-type":"","overlay-color":"","overlay-opacity":"","overlay-gradient":""}},"footnotes":""},"class_list":["post-309","page","type-page","status-publish","hentry"],"acf":[],"_links":{"self":[{"href":"https:\/\/salvajearquitectura.com\/eng\/wp-json\/wp\/v2\/pages\/309","targetHints":{"allow":["GET"]}}],"collection":[{"href":"https:\/\/salvajearquitectura.com\/eng\/wp-json\/wp\/v2\/pages"}],"about":[{"href":"https:\/\/salvajearquitectura.com\/eng\/wp-json\/wp\/v2\/types\/page"}],"author":[{"embeddable":true,"href":"https:\/\/salvajearquitectura.com\/eng\/wp-json\/wp\/v2\/users\/1"}],"replies":[{"embeddable":true,"href":"https:\/\/salvajearquitectura.com\/eng\/wp-json\/wp\/v2\/comments?post=309"}],"version-history":[{"count":287,"href":"https:\/\/salvajearquitectura.com\/eng\/wp-json\/wp\/v2\/pages\/309\/revisions"}],"predecessor-version":[{"id":2080,"href":"https:\/\/salvajearquitectura.com\/eng\/wp-json\/wp\/v2\/pages\/309\/revisions\/2080"}],"wp:attachment":[{"href":"https:\/\/salvajearquitectura.com\/eng\/wp-json\/wp\/v2\/media?parent=309"}],"curies":[{"name":"wp","href":"https:\/\/api.w.org\/{rel}","templated":true}]}}