{"id":540,"date":"2024-02-20T20:27:38","date_gmt":"2024-02-20T19:27:38","guid":{"rendered":"https:\/\/salvajearquitectura.com\/?page_id=540"},"modified":"2024-04-19T15:36:15","modified_gmt":"2024-04-19T13:36:15","slug":"estudio","status":"publish","type":"page","link":"https:\/\/salvajearquitectura.com\/eng\/estudio\/","title":{"rendered":"Studio"},"content":{"rendered":"<div data-elementor-type=\"wp-page\" data-elementor-id=\"540\" class=\"elementor elementor-540\" data-elementor-post-type=\"page\">\n\t\t\t\t<div class=\"elementor-element elementor-element-fb78917 e-con-full e-flex e-con e-parent\" data-id=\"fb78917\" data-element_type=\"container\" data-settings=\"{&quot;background_background&quot;:&quot;classic&quot;}\">\n\t\t\t\t<div class=\"elementor-element elementor-element-e53d137 elementor-widget elementor-widget-spacer\" data-id=\"e53d137\" data-element_type=\"widget\" data-widget_type=\"spacer.default\">\n\t\t\t\t<div class=\"elementor-widget-container\">\n\t\t\t\t\t\t\t<div class=\"elementor-spacer\">\n\t\t\t<div class=\"elementor-spacer-inner\"><\/div>\n\t\t<\/div>\n\t\t\t\t\t\t<\/div>\n\t\t\t\t<\/div>\n\t\t\t\t<div class=\"elementor-element elementor-element-66da225 elementor-widget elementor-widget-heading\" data-id=\"66da225\" data-element_type=\"widget\" data-widget_type=\"heading.default\">\n\t\t\t\t<div class=\"elementor-widget-container\">\n\t\t\t\t\t<h2 class=\"elementor-heading-title elementor-size-default\">Studio<\/h2>\t\t\t\t<\/div>\n\t\t\t\t<\/div>\n\t\t\t\t<div class=\"elementor-element elementor-element-1ded563 elementor-nav-menu__align-center elementor-nav-menu__text-align-center elementor-nav-menu--dropdown-tablet elementor-widget elementor-widget-nav-menu\" data-id=\"1ded563\" data-element_type=\"widget\" data-settings=\"{&quot;layout&quot;:&quot;horizontal&quot;,&quot;submenu_icon&quot;:{&quot;value&quot;:&quot;&lt;svg aria-hidden=\\&quot;true\\&quot; class=\\&quot;e-font-icon-svg e-fas-caret-down\\&quot; viewBox=\\&quot;0 0 320 512\\&quot; xmlns=\\&quot;http:\\\/\\\/www.w3.org\\\/2000\\\/svg\\&quot;&gt;&lt;path d=\\&quot;M31.3 192h257.3c17.8 0 26.7 21.5 14.1 34.1L174.1 354.8c-7.8 7.8-20.5 7.8-28.3 0L17.2 226.1C4.6 213.5 13.5 192 31.3 192z\\&quot;&gt;&lt;\\\/path&gt;&lt;\\\/svg&gt;&quot;,&quot;library&quot;:&quot;fa-solid&quot;}}\" data-widget_type=\"nav-menu.default\">\n\t\t\t\t<div class=\"elementor-widget-container\">\n\t\t\t\t\t\t\t\t<nav aria-label=\"Menu\" class=\"elementor-nav-menu--main elementor-nav-menu__container elementor-nav-menu--layout-horizontal e--pointer-double-line e--animation-fade\">\n\t\t\t\t<ul id=\"menu-1-1ded563\" class=\"elementor-nav-menu\"><li class=\"menu-item menu-item-type-custom menu-item-object-custom menu-item-543\"><a href=\"#perfil\" class=\"elementor-item elementor-item-anchor menu-link\">profile<\/a><\/li>\n<li class=\"menu-item menu-item-type-custom menu-item-object-custom menu-item-544\"><a href=\"#filosofia\" class=\"elementor-item elementor-item-anchor menu-link\">philosophy<\/a><\/li>\n<\/ul>\t\t\t<\/nav>\n\t\t\t\t\t\t<nav class=\"elementor-nav-menu--dropdown elementor-nav-menu__container\" aria-hidden=\"true\">\n\t\t\t\t<ul id=\"menu-2-1ded563\" class=\"elementor-nav-menu\"><li class=\"menu-item menu-item-type-custom menu-item-object-custom menu-item-543\"><a href=\"#perfil\" class=\"elementor-item elementor-item-anchor menu-link\" tabindex=\"-1\">profile<\/a><\/li>\n<li class=\"menu-item menu-item-type-custom menu-item-object-custom menu-item-544\"><a href=\"#filosofia\" class=\"elementor-item elementor-item-anchor menu-link\" tabindex=\"-1\">philosophy<\/a><\/li>\n<\/ul>\t\t\t<\/nav>\n\t\t\t\t\t\t<\/div>\n\t\t\t\t<\/div>\n\t\t\t\t<div class=\"elementor-element elementor-element-0dd9be2 elementor-widget__width-inherit elementor-widget elementor-widget-image\" data-id=\"0dd9be2\" data-element_type=\"widget\" data-widget_type=\"image.default\">\n\t\t\t\t<div class=\"elementor-widget-container\">\n\t\t\t\t\t\t\t\t\t\t\t\t\t\t\t<img fetchpriority=\"high\" decoding=\"async\" width=\"1920\" height=\"960\" src=\"https:\/\/salvajearquitectura.com\/wp-content\/uploads\/2024\/02\/Estudio_tratado.jpg\" class=\"attachment-full size-full wp-image-553\" alt=\"\" srcset=\"https:\/\/salvajearquitectura.com\/wp-content\/uploads\/2024\/02\/Estudio_tratado.jpg 1920w, https:\/\/salvajearquitectura.com\/wp-content\/uploads\/2024\/02\/Estudio_tratado-300x150.jpg 300w, https:\/\/salvajearquitectura.com\/wp-content\/uploads\/2024\/02\/Estudio_tratado-1024x512.jpg 1024w, https:\/\/salvajearquitectura.com\/wp-content\/uploads\/2024\/02\/Estudio_tratado-768x384.jpg 768w, https:\/\/salvajearquitectura.com\/wp-content\/uploads\/2024\/02\/Estudio_tratado-1536x768.jpg 1536w, https:\/\/salvajearquitectura.com\/wp-content\/uploads\/2024\/02\/Estudio_tratado-18x9.jpg 18w\" sizes=\"(max-width: 1920px) 100vw, 1920px\" \/>\t\t\t\t\t\t\t\t\t\t\t\t\t\t\t<\/div>\n\t\t\t\t<\/div>\n\t\t\t\t<\/div>\n\t\t<div class=\"elementor-element elementor-element-fae07a7 e-flex e-con-boxed e-con e-parent\" data-id=\"fae07a7\" data-element_type=\"container\" data-settings=\"{&quot;background_background&quot;:&quot;classic&quot;}\">\n\t\t\t\t\t<div class=\"e-con-inner\">\n\t\t\t\t<div class=\"elementor-element elementor-element-95ce822 elementor-widget elementor-widget-spacer\" data-id=\"95ce822\" data-element_type=\"widget\" data-widget_type=\"spacer.default\">\n\t\t\t\t<div class=\"elementor-widget-container\">\n\t\t\t\t\t\t\t<div class=\"elementor-spacer\">\n\t\t\t<div class=\"elementor-spacer-inner\"><\/div>\n\t\t<\/div>\n\t\t\t\t\t\t<\/div>\n\t\t\t\t<\/div>\n\t\t\t\t<div class=\"elementor-element elementor-element-1484c96 elementor-widget elementor-widget-heading\" data-id=\"1484c96\" data-element_type=\"widget\" id=\"perfil\" data-widget_type=\"heading.default\">\n\t\t\t\t<div class=\"elementor-widget-container\">\n\t\t\t\t\t<h2 class=\"elementor-heading-title elementor-size-default\">Experience the Adventure of Design with Salvaje Arquitectura<\/h2>\t\t\t\t<\/div>\n\t\t\t\t<\/div>\n\t\t\t\t<div class=\"elementor-element elementor-element-c363e66 elementor-widget elementor-widget-text-editor\" data-id=\"c363e66\" data-element_type=\"widget\" data-widget_type=\"text-editor.default\">\n\t\t\t\t<div class=\"elementor-widget-container\">\n\t\t\t\t\t\t\t\t\t<p>We are Salvaje Arquitectura, a tribe of artists passionate about design. Our essence is to live freely and\nbreak with the conventional. Drawing inspiration from nature and the adventures we experience around\nthe world, we create bold, distinctive, and impactful spaces.<\/p>\t\t\t\t\t\t\t\t<\/div>\n\t\t\t\t<\/div>\n\t\t\t\t<div class=\"elementor-element elementor-element-3a8bffd elementor-widget elementor-widget-heading\" data-id=\"3a8bffd\" data-element_type=\"widget\" data-widget_type=\"heading.default\">\n\t\t\t\t<div class=\"elementor-widget-container\">\n\t\t\t\t\t<h2 class=\"elementor-heading-title elementor-size-default\">What We Do<\/h2>\t\t\t\t<\/div>\n\t\t\t\t<\/div>\n\t\t\t\t<div class=\"elementor-element elementor-element-9f2e0e7 elementor-widget elementor-widget-text-editor\" data-id=\"9f2e0e7\" data-element_type=\"widget\" data-widget_type=\"text-editor.default\">\n\t\t\t\t<div class=\"elementor-widget-container\">\n\t\t\t\t\t\t\t\t\t<p>We design spaces that inspire, excite, and challenge, merging nature with the expression of freedom.\nEach project is an adventure that invites you to live and feel alive. We are committed to innovation and\nthe latest trends, creating transformative, sustainable, and socially responsible experiences. We\nharmonize with the environment, connecting people with their emotions and leaving a positive impact on\nthe world.<\/p>\t\t\t\t\t\t\t\t<\/div>\n\t\t\t\t<\/div>\n\t\t\t\t<div class=\"elementor-element elementor-element-7445652 elementor-widget elementor-widget-heading\" data-id=\"7445652\" data-element_type=\"widget\" data-widget_type=\"heading.default\">\n\t\t\t\t<div class=\"elementor-widget-container\">\n\t\t\t\t\t<h2 class=\"elementor-heading-title elementor-size-default\">How We Do It<\/h2>\t\t\t\t<\/div>\n\t\t\t\t<\/div>\n\t\t\t\t<div class=\"elementor-element elementor-element-2663243 elementor-widget elementor-widget-text-editor\" data-id=\"2663243\" data-element_type=\"widget\" data-widget_type=\"text-editor.default\">\n\t\t\t\t<div class=\"elementor-widget-container\">\n\t\t\t\t\t\t\t\t\t<p class=\"translation-block\">For us, design is a way of life. We merge <strong>Architecture<\/strong>, <strong>Interior Design<\/strong>, and <strong>Furniture<\/strong> with art, music,\nphotography, and the adventure of discover. We create a vibrant and unique style. We forge a special\nconnection with our clients and friends, sharing a passion for design and nature.<\/p>\t\t\t\t\t\t\t\t<\/div>\n\t\t\t\t<\/div>\n\t\t\t\t<div class=\"elementor-element elementor-element-e7fa33e elementor-widget elementor-widget-image\" data-id=\"e7fa33e\" data-element_type=\"widget\" data-widget_type=\"image.default\">\n\t\t\t\t<div class=\"elementor-widget-container\">\n\t\t\t\t\t\t\t\t\t\t\t\t\t\t\t<img decoding=\"async\" width=\"1024\" height=\"660\" src=\"https:\/\/salvajearquitectura.com\/wp-content\/uploads\/2024\/02\/mascaras-1024x660.jpg\" class=\"attachment-large size-large wp-image-567\" alt=\"\" srcset=\"https:\/\/salvajearquitectura.com\/wp-content\/uploads\/2024\/02\/mascaras-1024x660.jpg 1024w, https:\/\/salvajearquitectura.com\/wp-content\/uploads\/2024\/02\/mascaras-300x193.jpg 300w, https:\/\/salvajearquitectura.com\/wp-content\/uploads\/2024\/02\/mascaras-768x495.jpg 768w, https:\/\/salvajearquitectura.com\/wp-content\/uploads\/2024\/02\/mascaras-18x12.jpg 18w, https:\/\/salvajearquitectura.com\/wp-content\/uploads\/2024\/02\/mascaras.jpg 1374w\" sizes=\"(max-width: 1024px) 100vw, 1024px\" \/>\t\t\t\t\t\t\t\t\t\t\t\t\t\t\t<\/div>\n\t\t\t\t<\/div>\n\t\t\t\t<div class=\"elementor-element elementor-element-1c2d7d1 elementor-widget elementor-widget-spacer\" data-id=\"1c2d7d1\" data-element_type=\"widget\" data-widget_type=\"spacer.default\">\n\t\t\t\t<div class=\"elementor-widget-container\">\n\t\t\t\t\t\t\t<div class=\"elementor-spacer\">\n\t\t\t<div class=\"elementor-spacer-inner\"><\/div>\n\t\t<\/div>\n\t\t\t\t\t\t<\/div>\n\t\t\t\t<\/div>\n\t\t\t\t<div class=\"elementor-element elementor-element-25811c0 elementor-widget elementor-widget-heading\" data-id=\"25811c0\" data-element_type=\"widget\" id=\"filosofia\" data-widget_type=\"heading.default\">\n\t\t\t\t<div class=\"elementor-widget-container\">\n\t\t\t\t\t<h2 class=\"elementor-heading-title elementor-size-default\">Our Philosophy in Six Principles:<\/h2>\t\t\t\t<\/div>\n\t\t\t\t<\/div>\n\t\t\t\t<div class=\"elementor-element elementor-element-e748c74 elementor-widget elementor-widget-text-editor\" data-id=\"e748c74\" data-element_type=\"widget\" data-widget_type=\"text-editor.default\">\n\t\t\t\t<div class=\"elementor-widget-container\">\n\t\t\t\t\t\t\t\t\t<p>Durability: We create architecture that withstands the test of time, both in form and substance. We do not\nfollow passing fads but seek timelessness, legacy, and transcendence.<\/p><p>Precision: We create architecture that optimizes resources and elements, without waste or overload. We\nmaster technique, but do not let it dominate us. We achieve more with less.<\/p><p>Naturalness: We create architecture that flows with the environment, respects nature, and draws\ninspiration from it. We do not force shapes; we let them be. We draw from the diversity, beauty, and\nwisdom of nature.<\/p><p>Functionality: We create architecture that responds to the needs, desires, and expectations of our clients.\nWe do not create for the sake of creating but to solve, to improve, to transform.<\/p><p>Essentiality: We create architecture that expresses itself with elemental forms, with light and matter. We\ndo not need ornaments, nor artifices, nor excesses. We go to the fundamental, to what matters, to what\nis.<\/p><p>Beauty: We create architecture that seeks emotion, surprise, pleasure. We do not settle for the\nfunctional, the practical, the useful. We want to create a better, more beautiful, more humane world.<\/p>\t\t\t\t\t\t\t\t<\/div>\n\t\t\t\t<\/div>\n\t\t\t\t<div class=\"elementor-element elementor-element-75a71b9 elementor-widget elementor-widget-image\" data-id=\"75a71b9\" data-element_type=\"widget\" data-widget_type=\"image.default\">\n\t\t\t\t<div class=\"elementor-widget-container\">\n\t\t\t\t\t\t\t\t\t\t\t\t\t\t\t<img decoding=\"async\" width=\"1024\" height=\"578\" src=\"https:\/\/salvajearquitectura.com\/wp-content\/uploads\/2024\/02\/campo-1024x578.jpg\" class=\"attachment-large size-large wp-image-583\" alt=\"\" srcset=\"https:\/\/salvajearquitectura.com\/wp-content\/uploads\/2024\/02\/campo-1024x578.jpg 1024w, https:\/\/salvajearquitectura.com\/wp-content\/uploads\/2024\/02\/campo-300x169.jpg 300w, https:\/\/salvajearquitectura.com\/wp-content\/uploads\/2024\/02\/campo-768x434.jpg 768w, https:\/\/salvajearquitectura.com\/wp-content\/uploads\/2024\/02\/campo-18x10.jpg 18w, https:\/\/salvajearquitectura.com\/wp-content\/uploads\/2024\/02\/campo.jpg 1372w\" sizes=\"(max-width: 1024px) 100vw, 1024px\" \/>\t\t\t\t\t\t\t\t\t\t\t\t\t\t\t<\/div>\n\t\t\t\t<\/div>\n\t\t\t\t<div class=\"elementor-element elementor-element-b0803a4 elementor-widget elementor-widget-spacer\" data-id=\"b0803a4\" data-element_type=\"widget\" data-widget_type=\"spacer.default\">\n\t\t\t\t<div class=\"elementor-widget-container\">\n\t\t\t\t\t\t\t<div class=\"elementor-spacer\">\n\t\t\t<div class=\"elementor-spacer-inner\"><\/div>\n\t\t<\/div>\n\t\t\t\t\t\t<\/div>\n\t\t\t\t<\/div>\n\t\t\t\t<div class=\"elementor-element elementor-element-22bfae8 elementor-widget elementor-widget-heading\" data-id=\"22bfae8\" data-element_type=\"widget\" data-widget_type=\"heading.default\">\n\t\t\t\t<div class=\"elementor-widget-container\">\n\t\t\t\t\t<h2 class=\"elementor-heading-title elementor-size-default\">Creating Value in Every Project<\/h2>\t\t\t\t<\/div>\n\t\t\t\t<\/div>\n\t\t\t\t<div class=\"elementor-element elementor-element-f8ab694 elementor-widget elementor-widget-text-editor\" data-id=\"f8ab694\" data-element_type=\"widget\" data-widget_type=\"text-editor.default\">\n\t\t\t\t<div class=\"elementor-widget-container\">\n\t\t\t\t\t\t\t\t\t<p>En cada proyecto, creamos valor para nuestros clientes con soluciones arquitect\u00f3nicas personalizadas, eficientes y ecol\u00f3gicas, adaptadas a sus necesidades, recursos, medio ambiente y contexto. Nuestro proceso se basa en escuchar, investigar, dise\u00f1ar y ejecutar con supervisi\u00f3n y coordinaci\u00f3n meticulosas.<\/p>\t\t\t\t\t\t\t\t<\/div>\n\t\t\t\t<\/div>\n\t\t\t\t<div class=\"elementor-element elementor-element-c62b120 elementor-widget elementor-widget-heading\" data-id=\"c62b120\" data-element_type=\"widget\" data-widget_type=\"heading.default\">\n\t\t\t\t<div class=\"elementor-widget-container\">\n\t\t\t\t\t<h2 class=\"elementor-heading-title elementor-size-default\">A Recognized Trajectory<\/h2>\t\t\t\t<\/div>\n\t\t\t\t<\/div>\n\t\t\t\t<div class=\"elementor-element elementor-element-6f800f9 elementor-widget elementor-widget-text-editor\" data-id=\"6f800f9\" data-element_type=\"widget\" data-widget_type=\"text-editor.default\">\n\t\t\t\t<div class=\"elementor-widget-container\">\n\t\t\t\t\t\t\t\t\t<p>Our track record of over 10 years has allowed us to develop projects ranging from single-family homes to\ntourist complexes. Recognized for their innovative design, sustainable use of resources, and social\nimpact.<br \/>Reconocidos por su dise\u00f1o innovador, uso sostenible de los recursos y su impacto social.<\/p>\t\t\t\t\t\t\t\t<\/div>\n\t\t\t\t<\/div>\n\t\t\t\t<div class=\"elementor-element elementor-element-c75d019 elementor-widget elementor-widget-heading\" data-id=\"c75d019\" data-element_type=\"widget\" data-widget_type=\"heading.default\">\n\t\t\t\t<div class=\"elementor-widget-container\">\n\t\t\t\t\t<h2 class=\"elementor-heading-title elementor-size-default\">Global Vision, Local Collaboration<\/h2>\t\t\t\t<\/div>\n\t\t\t\t<\/div>\n\t\t\t\t<div class=\"elementor-element elementor-element-75a3561 elementor-widget elementor-widget-text-editor\" data-id=\"75a3561\" data-element_type=\"widget\" data-widget_type=\"text-editor.default\">\n\t\t\t\t<div class=\"elementor-widget-container\">\n\t\t\t\t\t\t\t\t\t<p>We extend our vision beyond borders, collaborating with the best professionals in the field in Argentina,\nMexico, Spain, and the United States, among other places. Discover the essence of freedom in design\nwith Wild Architecture!<\/p>\t\t\t\t\t\t\t\t<\/div>\n\t\t\t\t<\/div>\n\t\t\t\t<div class=\"elementor-element elementor-element-c3ef2f9 elementor-widget elementor-widget-spacer\" data-id=\"c3ef2f9\" data-element_type=\"widget\" data-widget_type=\"spacer.default\">\n\t\t\t\t<div class=\"elementor-widget-container\">\n\t\t\t\t\t\t\t<div class=\"elementor-spacer\">\n\t\t\t<div class=\"elementor-spacer-inner\"><\/div>\n\t\t<\/div>\n\t\t\t\t\t\t<\/div>\n\t\t\t\t<\/div>\n\t\t\t\t<div class=\"elementor-element elementor-element-60d522e elementor-widget elementor-widget-heading\" data-id=\"60d522e\" data-element_type=\"widget\" data-widget_type=\"heading.default\">\n\t\t\t\t<div class=\"elementor-widget-container\">\n\t\t\t\t\t<h2 class=\"elementor-heading-title elementor-size-default\">I Design That Makes You Feel Alive I<\/h2>\t\t\t\t<\/div>\n\t\t\t\t<\/div>\n\t\t\t\t<div class=\"elementor-element elementor-element-ddc84cc elementor-widget elementor-widget-spacer\" data-id=\"ddc84cc\" data-element_type=\"widget\" data-widget_type=\"spacer.default\">\n\t\t\t\t<div class=\"elementor-widget-container\">\n\t\t\t\t\t\t\t<div class=\"elementor-spacer\">\n\t\t\t<div class=\"elementor-spacer-inner\"><\/div>\n\t\t<\/div>\n\t\t\t\t\t\t<\/div>\n\t\t\t\t<\/div>\n\t\t\t\t\t<\/div>\n\t\t\t\t<\/div>\n\t\t\t\t<\/div>","protected":false},"excerpt":{"rendered":"<p>estudio Vive la Aventura del Dise\u00f1o con Salvaje Arquitectura Somos Salvaje Arquitectura, una tribu de artistas apasionados por el dise\u00f1o. [&hellip;]<\/p>","protected":false},"author":1,"featured_media":0,"parent":0,"menu_order":0,"comment_status":"closed","ping_status":"closed","template":"","meta":{"_acf_changed":false,"site-sidebar-layout":"no-sidebar","site-content-layout":"","ast-site-content-layout":"full-width-container","site-content-style":"default","site-sidebar-style":"default","ast-global-header-display":"","ast-banner-title-visibility":"disabled","ast-main-header-display":"disabled","ast-hfb-above-header-display":"","ast-hfb-below-header-display":"","ast-hfb-mobile-header-display":"disabled","site-post-title":"disabled","ast-breadcrumbs-content":"disabled","ast-featured-img":"disabled","footer-sml-layout":"disabled","ast-disable-related-posts":"","theme-transparent-header-meta":"default","adv-header-id-meta":"","stick-header-meta":"","header-above-stick-meta":"","header-main-stick-meta":"","header-below-stick-meta":"","astra-migrate-meta-layouts":"set","ast-page-background-enabled":"default","ast-page-background-meta":{"desktop":{"background-color":"var(--ast-global-color-4)","background-image":"","background-repeat":"repeat","background-position":"center center","background-size":"auto","background-attachment":"scroll","background-type":"","background-media":"","overlay-type":"","overlay-color":"","overlay-opacity":"","overlay-gradient":""},"tablet":{"background-color":"","background-image":"","background-repeat":"repeat","background-position":"center center","background-size":"auto","background-attachment":"scroll","background-type":"","background-media":"","overlay-type":"","overlay-color":"","overlay-opacity":"","overlay-gradient":""},"mobile":{"background-color":"","background-image":"","background-repeat":"repeat","background-position":"center center","background-size":"auto","background-attachment":"scroll","background-type":"","background-media":"","overlay-type":"","overlay-color":"","overlay-opacity":"","overlay-gradient":""}},"ast-content-background-meta":{"desktop":{"background-color":"var(--ast-global-color-5)","background-image":"","background-repeat":"repeat","background-position":"center center","background-size":"auto","background-attachment":"scroll","background-type":"","background-media":"","overlay-type":"","overlay-color":"","overlay-opacity":"","overlay-gradient":""},"tablet":{"background-color":"var(--ast-global-color-5)","background-image":"","background-repeat":"repeat","background-position":"center center","background-size":"auto","background-attachment":"scroll","background-type":"","background-media":"","overlay-type":"","overlay-color":"","overlay-opacity":"","overlay-gradient":""},"mobile":{"background-color":"var(--ast-global-color-5)","background-image":"","background-repeat":"repeat","background-position":"center center","background-size":"auto","background-attachment":"scroll","background-type":"","background-media":"","overlay-type":"","overlay-color":"","overlay-opacity":"","overlay-gradient":""}},"footnotes":""},"class_list":["post-540","page","type-page","status-publish","hentry"],"acf":[],"_links":{"self":[{"href":"https:\/\/salvajearquitectura.com\/eng\/wp-json\/wp\/v2\/pages\/540","targetHints":{"allow":["GET"]}}],"collection":[{"href":"https:\/\/salvajearquitectura.com\/eng\/wp-json\/wp\/v2\/pages"}],"about":[{"href":"https:\/\/salvajearquitectura.com\/eng\/wp-json\/wp\/v2\/types\/page"}],"author":[{"embeddable":true,"href":"https:\/\/salvajearquitectura.com\/eng\/wp-json\/wp\/v2\/users\/1"}],"replies":[{"embeddable":true,"href":"https:\/\/salvajearquitectura.com\/eng\/wp-json\/wp\/v2\/comments?post=540"}],"version-history":[{"count":137,"href":"https:\/\/salvajearquitectura.com\/eng\/wp-json\/wp\/v2\/pages\/540\/revisions"}],"predecessor-version":[{"id":1846,"href":"https:\/\/salvajearquitectura.com\/eng\/wp-json\/wp\/v2\/pages\/540\/revisions\/1846"}],"wp:attachment":[{"href":"https:\/\/salvajearquitectura.com\/eng\/wp-json\/wp\/v2\/media?parent=540"}],"curies":[{"name":"wp","href":"https:\/\/api.w.org\/{rel}","templated":true}]}}